{"id":13889,"date":"2021-01-19T10:21:42","date_gmt":"2021-01-19T09:21:42","guid":{"rendered":"https:\/\/www.spartacoripa.com\/biographie\/"},"modified":"2021-01-19T10:21:43","modified_gmt":"2021-01-19T09:21:43","slug":"biographie","status":"publish","type":"page","link":"https:\/\/www.spartacoripa.com\/fr\/biographie\/","title":{"rendered":"Biographie"},"content":{"rendered":"\n<p><strong>Spartaco Ripa<\/strong> est un peintre, illustrateur et dessinateur de bandes dessin\u00e9es.<\/p>\n\n<p>Il a commenc\u00e9 \u00e0 publier en 1980 avec l\u2019\u00e9dition parisienne \u201c<strong>Edition Du Bois de Boulogne<\/strong>\u201d et avec l\u2019\u00e9dition \u201c<strong>Edifumetto<\/strong>\u201d de Milan.<\/p>\n\n<p>De 1995 \u00e0 2015, il collabore avec le magazine pour enfants \u201c<strong>Il Giornalino<\/strong>\u201d des \u201c<strong>Edizioni Paoline<\/strong>\u201d en dessinant diff\u00e9rents personnages parmi lesquels (<strong>Angelo Dei \u2013 Star Trash \u2013 Supergame \u2013 Le favole di nonno Nedo<\/strong>).<\/p>\n\n<p>Il collabore actuellement avec divers \u00e9diteurs, notamment \u201c<strong>Aurea Editoriale<\/strong>\u201d (anciennement <strong>EURA<\/strong>) pour \u201c<strong>Lancio Story<\/strong>\u201d et \u201c<strong>Skorpio<\/strong>\u201c, \u201c<strong>Trapassati Inc. <\/strong>\u201d (John Doe) par <strong>Lorenzo Bartoli<\/strong>, \u201c<strong>Urbes Occultae<\/strong>\u201d par <strong>Alessandro Di Virgilio<\/strong>, \u201c<strong>Love in the Time of the Morbus<\/strong>\u201d par <strong>R. Dal Pra<\/strong>, \u201c<strong>Cuori da Bartoli<\/strong>\u201d de <strong>Lorenzo Bartoli<\/strong> et avec le journal pour enfants \u201c<strong>Il Giornalino<\/strong>\u201d de \u201c<strong>Edizioni Paoline<\/strong>\u201c.<\/p>\n\n<p>Pour <strong>\u201cFeltrinelli Editore\u201d<\/strong> il a illustr\u00e9 \u201c<strong>La Storia di Capitan Patchwork<\/strong>\u201c, d\u2019apr\u00e8s le roman \u201c<strong>Terra ! <\/strong>\u201d de <strong>Stefano Benni<\/strong> et la fable pour enfants \u201c<strong>L\u2019invenzione del Naso e altre Storie<\/strong>\u201d de <strong>Claudio Baglioni<\/strong> et <strong>Paola Massari<\/strong>.<\/p>\n\n<p>En 2013, pour \u201c<strong>Albeggi Edizioni<\/strong>\u201c, le livre de po\u00e8mes de <strong>Gian Carlo Di Renzo<\/strong> \u201c<strong>I viaggi di Doctor G.<\/strong>\u201c.<\/p>\n\n<p>Entre 2016 et 2018, dirig\u00e9 par <strong>Alberto Di Giglio<\/strong> pour \u201c<strong>Mediterranea Production<\/strong>\u201c, il illustre les docufilms \u201c<strong>Con il Vento nel Petto<\/strong>\u201c, \u201c<strong>Troverai un Cuore<\/strong>\u201d et \u201c<strong>La Forza di una Scelta<\/strong>\u201c.<\/p>\n\n<p>Pour <strong>Istituto Luce di Cinecitt\u00e0<\/strong> il a illustr\u00e9 le docufilm \u201c<strong>L\u2019homme qui n\u2019a pas chang\u00e9 l\u2019histoire<\/strong>\u201d de <strong>Enrico Caria<\/strong> vainqueur du Golden Globe 2017.<\/p>\n\n<p>En 2019, il illustre \u201c<strong>La Citt\u00e0 in Fondo al Mare<\/strong>\u201d de <strong>Mauro Grimaldi<\/strong>, laur\u00e9at du prix Racalmare Leonardo Sciascia pour l\u2019\u00e9dition jeunesse.<\/p>\n\n<p>Pour \u201c<strong>Il Formichiere Editore<\/strong>\u201c, il a illustr\u00e9 en 2020 \u201c<strong>Raccontini di Viaggio<\/strong>\u201d et \u201c<strong>L invito Valente<\/strong>\u201d par <strong>Gian Carlo Di Renzo<\/strong>.<\/p>\n\n<p>Pour les \u00e9ditions \u201c<strong>DGF-Lab<\/strong>\u201d en 2020 \u201c<strong>Storia di Leo, Il Bambino che Sconfisse il Covid con la Fantasia<\/strong>\u201c, \u00e9crit par <strong>Mauro Grimaldi<\/strong>.<\/p>\n\n<p>Depuis 1980, il travaille en free-lance pour diff\u00e9rentes agences de publicit\u00e9 \u00e0 Rome et \u00e0 Milan en tant qu\u2019illustrateur et sc\u00e9nariste.<\/p>\n","protected":false},"excerpt":{"rendered":"<p>Spartaco Ripa est un peintre, illustrateur et dessinateur de bandes dessin\u00e9es. Il a commenc\u00e9 \u00e0 publier en 1980 avec l\u2019\u00e9dition parisienne \u201cEdition Du Bois de Boulogne\u201d et avec l\u2019\u00e9dition \u201cEdifumetto\u201d&#8230;<\/p>\n","protected":false},"author":1,"featured_media":0,"parent":0,"menu_order":0,"comment_status":"closed","ping_status":"closed","template":"","meta":{"footnotes":""},"class_list":["post-13889","page","type-page","status-publish"],"_links":{"self":[{"href":"https:\/\/www.spartacoripa.com\/fr\/wp-json\/wp\/v2\/pages\/13889","targetHints":{"allow":["GET"]}}],"collection":[{"href":"https:\/\/www.spartacoripa.com\/fr\/wp-json\/wp\/v2\/pages"}],"about":[{"href":"https:\/\/www.spartacoripa.com\/fr\/wp-json\/wp\/v2\/types\/page"}],"author":[{"embeddable":true,"href":"https:\/\/www.spartacoripa.com\/fr\/wp-json\/wp\/v2\/users\/1"}],"replies":[{"embeddable":true,"href":"https:\/\/www.spartacoripa.com\/fr\/wp-json\/wp\/v2\/comments?post=13889"}],"version-history":[{"count":0,"href":"https:\/\/www.spartacoripa.com\/fr\/wp-json\/wp\/v2\/pages\/13889\/revisions"}],"wp:attachment":[{"href":"https:\/\/www.spartacoripa.com\/fr\/wp-json\/wp\/v2\/media?parent=13889"}],"curies":[{"name":"wp","href":"https:\/\/api.w.org\/{rel}","templated":true}]}}