{"id":543,"date":"2020-01-18T11:49:00","date_gmt":"2020-01-18T10:49:00","guid":{"rendered":"http:\/\/www.spartacoripa.com\/?page_id=543"},"modified":"2021-01-20T12:55:11","modified_gmt":"2021-01-20T11:55:11","slug":"privacy-policy","status":"publish","type":"page","link":"https:\/\/www.spartacoripa.com\/de\/privacy-policy\/","title":{"rendered":"Datenschutzerkl\u00e4rung"},"content":{"rendered":"\n<h2 class=\"wp-block-heading\">Wer wir sind<\/h2>\n\n<p>Die Adresse unserer Website lautet: http:\/\/www.spartacoripa.com.<\/p>\n\n<h2 class=\"wp-block-heading\">Welche pers\u00f6nlichen Daten wir sammeln und warum wir sie sammeln<\/h2>\n\n<h3 class=\"wp-block-heading\">Anmerkungen<\/h3>\n\n<p>Wenn Besucher Kommentare auf der Website hinterlassen, erfassen wir die Daten, die im Kommentarformular angezeigt werden, zus\u00e4tzlich zur IP-Adresse des Besuchers und zum User-Agent-String des Browsers, um die Erkennung von Spam zu erleichtern.<\/p>\n\n<p>Eine anonymisierte Zeichenfolge, die von Ihrer E-Mail-Adresse (auch als Hash bezeichnet) erstellt wird, kann dem Gravatar-Dienst zur Verf\u00fcgung gestellt werden, um zu sehen, ob Sie diese verwenden. Die Datenschutzerkl\u00e4rung des Gravatar-Dienstes ist hier verf\u00fcgbar: https:\/\/automattic.com\/privacy\/. Nach der Freigabe Ihres Kommentars ist Ihr Profilbild im Rahmen Ihres Kommentars f\u00fcr die \u00d6ffentlichkeit sichtbar.  \u00dcbersetzt mit www.DeepL.com\/Translator (kostenlose Version)<\/p>\n\n<h3 class=\"wp-block-heading\">Medien<\/h3>\n\n<p>Wenn Sie Bilder auf die Website hochladen, sollten Sie es vermeiden, Bilder mit eingebetteten Positionsdaten (EXIF-GPS) hochzuladen. Die Besucher der Website k\u00f6nnen beliebige Positionsdaten aus den Bildern der Website herunterladen und extrahieren.<\/p>\n\n<h3 class=\"wp-block-heading\">Kontaktformular<\/h3>\n\n<h3 class=\"wp-block-heading\">Keks<\/h3>\n\n<p>Wenn Sie einen Kommentar auf unserer Website hinterlassen, k\u00f6nnen Sie Ihren Namen, Ihre E-Mail-Adresse und Ihre Website in Cookies speichern. Sie werden zu Ihrer Bequemlichkeit verwendet, damit Sie Ihre Daten nicht erneut eingeben m\u00fcssen, wenn Sie einen weiteren Kommentar hinterlassen. Diese Cookies sind ein Jahr lang g\u00fcltig.<\/p>\n\n<p>Wenn Sie die Login-Seite besuchen, wird ein tempor\u00e4res Cookie gesetzt, um festzustellen, ob Ihr Browser Cookies akzeptiert. Dieses Cookie enth\u00e4lt keine pers\u00f6nlichen Daten und wird gel\u00f6scht, wenn Sie Ihren Browser schlie\u00dfen.<\/p>\n\n<p>Wenn Sie sich anmelden, werden mehrere Cookies gesetzt, um Ihre Anmeldeinformationen und Bildschirmanzeigeoptionen zu speichern. Login-Cookies dauern zwei Tage und Bildschirm-Optionen-Cookies dauern ein Jahr. Wenn Sie &#8220;Remember me&#8221; w\u00e4hlen, bleibt Ihr Login zwei Wochen lang g\u00fcltig. Wenn Sie sich von Ihrem Konto abmelden, werden die Login-Cookies entfernt.<\/p>\n\n<p>Wenn Sie einen Artikel bearbeiten oder ver\u00f6ffentlichen, wird ein zus\u00e4tzliches Cookie in Ihrem Browser gespeichert. Dieses Cookie enth\u00e4lt keine pers\u00f6nlichen Daten, sondern gibt lediglich die ID des gerade von Ihnen ge\u00e4nderten Artikels an. Sie l\u00e4uft nach 1 Tag ab.<\/p>\n\n<h3 class=\"wp-block-heading\">Von anderen Websites eingebettete Inhalte<\/h3>\n\n<p>Artikel auf dieser Website k\u00f6nnen eingebettete Inhalte (z.B. Videos, Bilder, Artikel usw.) enthalten. Eingebettete Inhalte von anderen Websites verhalten sich genau so, als ob der Besucher die andere Website besucht h\u00e4tte.<\/p>\n\n<p>Diese Websites k\u00f6nnen Daten \u00fcber Sie sammeln, Cookies verwenden, zus\u00e4tzliche Nachverfolgung durch Dritte integrieren und Ihre Interaktion mit ihnen verfolgen, einschlie\u00dflich der Nachverfolgung Ihrer Interaktion mit eingebetteten Inhalten, wenn Sie ein Konto haben und mit diesen Websites verbunden sind.<\/p>\n\n<h3 class=\"wp-block-heading\">Analytik<\/h3>\n\n<h2 class=\"wp-block-heading\">Mit wem wir Ihre Daten teilen<\/h2>\n\n<h2 class=\"wp-block-heading\">Wie lange bewahren wir Ihre Daten auf<\/h2>\n\n<p>Wenn Sie einen Kommentar hinterlassen, werden der Kommentar und seine Metadaten auf unbestimmte Zeit aufbewahrt. Auf diese Weise k\u00f6nnen wir alle nachfolgenden Kommentare automatisch erkennen und genehmigen, anstatt sie in einer Moderationswarteschlange zu halten.<\/p>\n\n<p>F\u00fcr Benutzer, die sich auf unserer Website registrieren (falls vorhanden), speichern wir die von ihnen angegebenen pers\u00f6nlichen Informationen auch in ihrem Benutzerprofil. Alle Benutzer k\u00f6nnen ihre pers\u00f6nlichen Daten jederzeit einsehen, \u00e4ndern oder l\u00f6schen (mit Ausnahme des Benutzernamens, den sie nicht \u00e4ndern k\u00f6nnen). Die Administratoren der Website k\u00f6nnen diese Informationen auch einsehen und \u00e4ndern.  \u00dcbersetzt mit www.DeepL.com\/Translator (kostenlose Version)<\/p>\n\n<h2 class=\"wp-block-heading\">Welche Rechte haben Sie an Ihren Daten?<\/h2>\n\n<p>Wenn Sie ein Konto auf dieser Website haben oder Kommentare hinterlassen haben, k\u00f6nnen Sie eine von der Website exportierte Datei mit den pers\u00f6nlichen Informationen, die wir \u00fcber Sie haben, einschlie\u00dflich der Informationen, die Sie uns zur Verf\u00fcgung gestellt haben, anfordern. Sie k\u00f6nnen auch verlangen, dass wir alle pers\u00f6nlichen Informationen \u00fcber Sie l\u00f6schen. Dies schlie\u00dft nicht Daten ein, die wir aus administrativen, rechtlichen oder Sicherheitszwecken aufbewahren m\u00fcssen.<\/p>\n\n<h2 class=\"wp-block-heading\">Wohin wir Ihre Daten senden<\/h2>\n\n<p>Kommentare von Besuchern k\u00f6nnen durch einen automatischen Spam-Erkennungsdienst \u00fcberpr\u00fcft werden.<\/p>\n\n<h2 class=\"wp-block-heading\">Ihre Kontaktinformationen<\/h2>\n\n<h2 class=\"wp-block-heading\">Zus\u00e4tzliche Informationen<\/h2>\n\n<h3 class=\"wp-block-heading\">Wie wir Ihre Daten sch\u00fctzen<\/h3>\n\n<h3 class=\"wp-block-heading\">Welche Verfahren wir haben, um Datenverst\u00f6\u00dfe zu verhindern<\/h3>\n\n<h3 class=\"wp-block-heading\">Von welchen Dritten wir Daten erhalten<\/h3>\n\n<h3 class=\"wp-block-heading\">Welche automatisierte Entscheidungsfindung und\/oder Profilerstellung wir mit Benutzerdaten durchf\u00fchren<\/h3>\n\n<h3 class=\"wp-block-heading\">Regulatorische Offenlegungsanforderungen der Industrie<\/h3>\n","protected":false},"excerpt":{"rendered":"<p>Wer wir sind Die Adresse unserer Website lautet: http:\/\/www.spartacoripa.com. Welche pers\u00f6nlichen Daten wir sammeln und warum wir sie sammeln Anmerkungen Wenn Besucher Kommentare auf der Website hinterlassen, erfassen wir die&#8230;<\/p>\n","protected":false},"author":1,"featured_media":0,"parent":0,"menu_order":0,"comment_status":"closed","ping_status":"closed","template":"","meta":{"footnotes":""},"class_list":["post-543","page","type-page","status-publish"],"_links":{"self":[{"href":"https:\/\/www.spartacoripa.com\/de\/wp-json\/wp\/v2\/pages\/543","targetHints":{"allow":["GET"]}}],"collection":[{"href":"https:\/\/www.spartacoripa.com\/de\/wp-json\/wp\/v2\/pages"}],"about":[{"href":"https:\/\/www.spartacoripa.com\/de\/wp-json\/wp\/v2\/types\/page"}],"author":[{"embeddable":true,"href":"https:\/\/www.spartacoripa.com\/de\/wp-json\/wp\/v2\/users\/1"}],"replies":[{"embeddable":true,"href":"https:\/\/www.spartacoripa.com\/de\/wp-json\/wp\/v2\/comments?post=543"}],"version-history":[{"count":0,"href":"https:\/\/www.spartacoripa.com\/de\/wp-json\/wp\/v2\/pages\/543\/revisions"}],"wp:attachment":[{"href":"https:\/\/www.spartacoripa.com\/de\/wp-json\/wp\/v2\/media?parent=543"}],"curies":[{"name":"wp","href":"https:\/\/api.w.org\/{rel}","templated":true}]}}